{"id":406,"date":"2019-08-12T10:08:19","date_gmt":"2019-08-12T10:08:19","guid":{"rendered":"http:\/\/yoyovet.ro\/?page_id=406"},"modified":"2024-04-02T10:22:58","modified_gmt":"2024-04-02T10:22:58","slug":"politica-cookies","status":"publish","type":"page","link":"https:\/\/hidrovet.ro\/index.php\/politica-cookies\/","title":{"rendered":"Politica cookies"},"content":{"rendered":"<p>Acest site utilizeaza cookies<\/p>\n<p>COOKIES necesare sunt fisiere text, care sunt folosite de site-uri pentru eficientizarea utilizarii si imbunatatirea serviciilor oferite. Aceste fisiere le gasiti pe browser-ul dumneavoastra, pe hard disk-ul dispozitivului in functie de site-urile pe care le vizitati si fac interactiunea cu acestea mai sigura si mai rapida, deoarece isi pot aminti preferintele dumneavoastra.<br \/>\nSite-ul nostru foloseste cookies pentru a va distinge de ceilalti utilizatori si acest lucru ne ajuta sa va oferim o experienta mai buna atunci cand navigati pe site. Datele stocate prin fisierele cookies pe site-ul nostru nu arata detalii personale cu ajutorul carora sa se poata stabili o identiate individuala.<br \/>\nFolosim cookies pentru analizarea traficului pe website si pentru personalizarea continutului.<br \/>\nSite-ul nu poate functiona la parametri normali fara utilizarea cookies, fara acestea accesul la zonele securizate ale site-ului sau navigarea in pagina ar fi ingreunata.<br \/>\nPrin folosirea cookies de statistici, putem analiza informatii despre modul in care folositi site-ul nostru si vom sti ce imbunatatiri putem face.<br \/>\nConform legii, putem stoca cookies pe dispozitivul dvs, doar in cazul in care ele sunt necesare pentru navigarea pe site. Perioada de expirare a acestor fi\u0219iere de tip cookie este de maximum 2 ani. Daca nu esti de acord cu folosirea cookies necesare functionarii normale a site-ului, va trebui sa abandonezi navigarea pe site-ul nostru. Pentru diferite alte tipuri de cookies, este necesar acordul dumneavoastra.<br \/>\nV\u0103 pute\u021bi retrage consim\u021b\u0103m\u00e2ntul privind fi\u0219ierele de tip cookie \u00een orice moment. \u00cen acest scop, pute\u0163i s\u0103 bloca\u0163i sau elimina\u0163i fi\u015fierele cookie, fie prin intermediul set\u0103rilor browser-ului dvs., web sau prin utilizarea unor software-uri puse la dispozi\u0163ie de ter\u021bi, sau urm\u00e2nd instruc\u0163iunile specifice pentru categoriile de cookie din sec\u0163iunile urm\u0103toare. In orice situa\u0163ie pot ap\u0103rea probleme legate de utilizarea anumitor p\u0103r\u021bi ale site-ului web dac\u0103 dezactiva\u0163i fi\u015fierele de tip cookie.<br \/>\nAcordul dumneavoastra pentru folosirea cookies, este valabil pentru domeniul :\u00a0\u00a0<a href=\"https:\/\/hidrovet.ro\/\">https:\/\/hidrovet.ro\/<\/a><\/p>\n<p>COOKIES pentru Marketing, sunt folosite pentru a stoca vizitele si cautarile unui utilizator pe web si a-i afisa anunturi relevante si antrenante in functie de cautarile recente. Acest tip de cookies sunt utilizate de agentiile de publicitate.<br \/>\nCOOKIES Preferinte, permit site-ului sa aminteasca informatii precum limba dvs. preferata sau zona in care va aflati.<br \/>\nCOOKIES Statistice, ne ajuta sa intelegem cum interactioneaza utilizatorii cu site-ul nostru, prin colectarea informatiilor in mod anonim.<br \/>\nWeb site-ul nostru poate include functii de comunicare sociala ,cum ar fi link-uri catre Facebook,Twitter, Instagram,Linkedin sau Youtube. Aceste functii pot stoca informatii si pot activa un fisier tip cookies pentru o functionare corecta.<br \/>\nWebsite-ul nostru poate utiliza link-uri catre alte site-uri pe care nu le controlam, prin urmare va solicitam sa cititi cu atentie politicile lor in privinta datelor personale si a politicii de confidentialitate.<\/p>\n<p>Google Analytics<br \/>\nWebsite-ul nostru utilizeaz\u0103 Google Analytics, un serviciu pentru analiza web, furnizat de Google. Google Analytics utilizeaz\u0103 fi\u0219iere de tip cookie pentru a ajuta un anumit Website s\u0103 analizeze modul \u00een care utiliza\u021bi respectivul Website. Informa\u021biile generate de fi\u0219ierele de tip cookie cu privire la utilizarea de c\u0103tre dvs. a Website-ului (inclusiv adresa dvs. IP), vor fi transmise \u0219i stocate de Google pe servere care pot fi localizate \u00een UE, SEE \u015fi\/sau Statele Unite. Google va utiliza aceste informa\u021bii \u00een scopul evalu\u0103rii utiliz\u0103rii de c\u0103tre dvs. a Website-ului, elabor\u00e2nd rapoarte cu privire la activitatea Website-ului pentru operatorii Website-ului \u0219i furniz\u00e2nd alte servicii referitoare la activitatea Website-ului \u0219i la utilizarea internetului.<br \/>\nDaca aveti intrebari sau nelamuriri cu privire la prelucrarea si stocarea datelor dvs., sau daca doriti modificarea sau stergerea acestora, va rugam sa ne contactati la adresa <a href=\"mailto:mail.hidrovet@gmail.com\">mail.hidrovet@gmail.ro<\/a><\/p>\n<p>Putem actualiza Politica Cookies si va vom informa despre modificare prin postarea noii variante pe site-ul nostru la sectiunea \u201cPolitica Cookies\u201d<\/p>\n<p>Va rugam sa consultati periodic aceasta sectiune, pentru a fi la curent cu orice modificare.<\/p>\n<p>PROTECTIA DATELOR CU CARACTER PERSONAL<\/p>\n<p>Pentru a accesa, corecta, \u0219terge \u0219i limita prelucrarea datelor personale (GDPR), v\u0103 rug\u0103m s\u0103 ne contactati la adresa de email <a href=\"mailto:mail.hidrovet@gmail.com\">mail.hidrovet@gmail.ro<\/a><br \/>\nPute\u021bi solicita ca datele dvs. cu caracter personal s\u0103 poat\u0103 sau nu fi utilizate sau transmise catre un alt procesor (GDPR) la adresa de email <a href=\"mailto:mail.hidrovet@gmail.com\">mail.hidrovet@gmail.ro<\/a><br \/>\n\u00cen cazul \u00een care considerati ca datele dvs. personale nu au fost protejate conform legii, ave\u021bi dreptul de a depune o pl\u00e2ngere la autoritatea de supraveghere (GDPR).<\/p>\n<p>Acest site utilizeaz\u0103 cookie-uri. Folosim cookie-uri pentru a personaliza con\u021binutul \u0219i anun\u021burile, pentru a oferi func\u021bii de re\u021bele sociale \u0219i pentru a analiza traficul. De asemenea, le oferim partenerilor de re\u021bele sociale, de publicitate \u0219i de analize informa\u021bii cu privire la modul \u00een care folosi\u021bi site-ul nostru. Ace\u0219tia le pot combina cu alte informa\u021bii oferite de dvs. sau culese \u00een urma folosirii serviciilor lor. \u00cen cazul \u00een care alege\u021bi s\u0103 continua\u021bi s\u0103 utiliza\u021bi website-ul nostru, sunte\u021bi de acord cu utilizarea modulelor noastre cookie.<\/p>\n<p>Cookie-urile sunt mici fi\u015fiere de text ce pot fi utilizate de c\u0103tre site-urile web pentru a face utilizarea lor mai eficient\u0103.<\/p>\n<p>Legea stipuleaz\u0103 c\u0103 putem stoca cookie-uri pe dispozitivul dvs., \u00een cazul \u00een care ele sunt strict necesare pentru operarea acestui site. Pentru toate celelalte tipuri de cookie-uri avem nevoie de permisiunea dvs.<\/p>\n<p>Acest site utilizeaz\u0103 diferite tipuri de cookie-uri. Unele cookie-uri sunt plasate de c\u0103tre servicii p\u0103r\u0163i ter\u0163e care apar pe paginile noastre.<\/p>\n<p>Pute\u021bi, \u00een orice moment, s\u0103 modifica\u021bi sau s\u0103 v\u0103 retrage\u021bi acordul din Declara\u021bia privind modulele cookie de pe website-ul nostru.<\/p>\n<p>Afla\u021bi mai multe despre cine suntem, cum ne pute\u021bi contacta \u0219i cum proces\u0103m datele personale \u00een Politica noastr\u0103 de confiden\u021bialitate.<\/p>\n<p>Consim\u0163\u0103m\u00e2ntul dvs. se aplic\u0103 urm\u0103toarelor domenii:\u00a0<a href=\"https:\/\/hidrovet.ro\/\">https:\/\/hidrovet.ro<\/a><\/p>\n<p><img loading=\"lazy\" decoding=\"async\" data-attachment-id=\"407\" data-permalink=\"https:\/\/hidrovet.ro\/index.php\/politica-cookies\/attachment\/121\/\" data-orig-file=\"https:\/\/i2.wp.com\/hidrovet.ro\/wp-content\/uploads\/2019\/08\/121.png?fit=150%2C154&amp;ssl=1\" data-orig-size=\"150,154\" data-comments-opened=\"1\" data-image-meta=\"{&quot;aperture&quot;:&quot;0&quot;,&quot;credit&quot;:&quot;&quot;,&quot;camera&quot;:&quot;&quot;,&quot;caption&quot;:&quot;&quot;,&quot;created_timestamp&quot;:&quot;0&quot;,&quot;copyright&quot;:&quot;&quot;,&quot;focal_length&quot;:&quot;0&quot;,&quot;iso&quot;:&quot;0&quot;,&quot;shutter_speed&quot;:&quot;0&quot;,&quot;title&quot;:&quot;&quot;,&quot;orientation&quot;:&quot;0&quot;}\" data-image-title=\"121\" data-image-description=\"\" data-medium-file=\"https:\/\/i2.wp.com\/hidrovet.ro\/wp-content\/uploads\/2019\/08\/121.png?fit=150%2C154&amp;ssl=1\" data-large-file=\"https:\/\/i2.wp.com\/hidrovet.ro\/wp-content\/uploads\/2019\/08\/121.png?fit=150%2C154&amp;ssl=1\" class=\"alignnone size-full wp-image-407\" src=\"https:\/\/i2.wp.com\/hidrovet.ro\/wp-content\/uploads\/2019\/08\/121.png?resize=150%2C154&#038;ssl=1\" alt=\"\" width=\"150\" height=\"154\" data-recalc-dims=\"1\" \/><\/p>\n","protected":false},"excerpt":{"rendered":"<p>Acest site utilizeaza cookies COOKIES necesare sunt fisiere text, care sunt folosite de site-uri pentru eficientizarea utilizarii si imbunatatirea serviciilor oferite. Aceste fisiere le gasiti pe browser-ul dumneavoastra, pe hard disk-ul dispozitivului in functie de site-urile pe care le vizitati si fac interactiunea cu acestea mai sigura si mai rapida, deoarece isi pot aminti preferintele [&hellip;]<\/p>\n","protected":false},"author":1,"featured_media":0,"parent":0,"menu_order":0,"comment_status":"closed","ping_status":"closed","template":"","meta":{"footnotes":""},"_links":{"self":[{"href":"https:\/\/hidrovet.ro\/index.php\/wp-json\/wp\/v2\/pages\/406"}],"collection":[{"href":"https:\/\/hidrovet.ro\/index.php\/wp-json\/wp\/v2\/pages"}],"about":[{"href":"https:\/\/hidrovet.ro\/index.php\/wp-json\/wp\/v2\/types\/page"}],"author":[{"embeddable":true,"href":"https:\/\/hidrovet.ro\/index.php\/wp-json\/wp\/v2\/users\/1"}],"replies":[{"embeddable":true,"href":"https:\/\/hidrovet.ro\/index.php\/wp-json\/wp\/v2\/comments?post=406"}],"version-history":[{"count":2,"href":"https:\/\/hidrovet.ro\/index.php\/wp-json\/wp\/v2\/pages\/406\/revisions"}],"predecessor-version":[{"id":673,"href":"https:\/\/hidrovet.ro\/index.php\/wp-json\/wp\/v2\/pages\/406\/revisions\/673"}],"wp:attachment":[{"href":"https:\/\/hidrovet.ro\/index.php\/wp-json\/wp\/v2\/media?parent=406"}],"curies":[{"name":"wp","href":"https:\/\/api.w.org\/{rel}","templated":true}]}}