{"id":99,"date":"2018-04-23T19:42:45","date_gmt":"2018-04-23T19:42:45","guid":{"rendered":"http:\/\/dev.yoyovet.ro\/?page_id=99"},"modified":"2024-04-09T08:09:01","modified_gmt":"2024-04-09T08:09:01","slug":"serviciitarife-2","status":"publish","type":"page","link":"https:\/\/hidrovet.ro\/index.php\/serviciitarife-2\/","title":{"rendered":"Servicii + Tarife"},"content":{"rendered":"<p style=\"text-align: left;\"><strong><u>VACCINARI C\u00c2INE<\/u><\/strong><\/p>\n<ul>\n<li>NOBIVAC PARVO: 80 Ron<\/li>\n<li>NOBIVAC DP: 70 Ron<\/li>\n<li>NOBIVAC DHP: 70 Ron<\/li>\n<li>NOBIVAC DHP-L: 85 Ron<\/li>\n<li>NOBIVAC DHPPI: 80 Ron<\/li>\n<li>NOBIVAC DHPPI-L: 90 Ron<\/li>\n<li>NOBIVAC DHPPI-LR: 120 Ron<\/li>\n<li>NOBIVAC RABIES: 50 Ron<\/li>\n<li>NOBIVAC KC: 100 Ron<\/li>\n<li>VANGUARD PLUS 7<\/li>\n<li>VANGUARD PLUS CPV<\/li>\n<li>BIOCAN C<\/li>\n<li>BIOCAN M<\/li>\n<li>BIOCAN B<\/li>\n<\/ul>\n<p style=\"text-align: left;\"><u><strong>VACCINARI PISIC\u0102<\/strong><\/u><\/p>\n<ul>\n<li>NOBIVAC TRICAT: 80 ron<\/li>\n<li>NOBIVAC TRICAT + RABIES: 120 Ron<\/li>\n<li>BIOVETA FELIBIO PCH: 80 Ron<\/li>\n<li>BIOVETA FELIBIO PCH-R: 100 Ron<\/li>\n<li>LEUCOFELIGEN<\/li>\n<\/ul>\n<p style=\"text-align: left;\"><strong><u>MEDICAL\u0102<\/u><\/strong><\/p>\n<ul>\n<li>CONSULTA\u021aIE SIMPLA: 100 Ron<\/li>\n<li>CONSULTATIE A DOUA PARERE: 150 Ron<\/li>\n<li>REVENIRE: 50 Ron<\/li>\n<li>CONSULTA\u021aIE DE SPECIALITATE:200 Ron<\/li>\n<\/ul>\n<p><strong>TRATAMENT INJECTABIL<\/strong><\/p>\n<table style=\"height: 194px;\" width=\"606\">\n<tbody>\n<tr>\n<td width=\"318\"><strong>Numar injectii<\/strong><\/td>\n<td width=\"318\"><strong>Pret<\/strong><\/td>\n<\/tr>\n<tr>\n<td width=\"318\">1-3<\/td>\n<td width=\"318\">50 Ron<\/td>\n<\/tr>\n<tr>\n<td width=\"318\">4-6<\/td>\n<td width=\"318\">80 Ron<\/td>\n<\/tr>\n<tr>\n<td width=\"318\">+7<\/td>\n<td width=\"318\">100 Ron<\/td>\n<\/tr>\n<tr>\n<td width=\"318\"><\/td>\n<td width=\"318\"><\/td>\n<\/tr>\n<\/tbody>\n<\/table>\n<ul>\n<li>MANOPERA \/ TRTATAMENT INJECTABIL 5 RON\/INJECTIE<\/li>\n<li>TRATAMENT PERFUZABIL: 100-300 RON (\u00een func\u021bie de cantitatea \u0219i tipul solu\u021biei administrate)<\/li>\n<\/ul>\n<p style=\"text-align: left;\"><strong>DEPARAZITARE INTERN\u0102 PER OS<\/strong><\/p>\n<ul>\n<li>CESTAL FLAVOUR : 15 RON CP<\/li>\n<li>DEHINEL PLUS :15 RON CP<\/li>\n<li>DEHINEL CAT : 15 RON CP<\/li>\n<li>MILPRAZON KITTEN : 20 RON CP<\/li>\n<li>MILPRAZON PISICA MARE : 45 RON CP<\/li>\n<li>MILPRAZON CAINE TALIE MICA : 30 RON CP<\/li>\n<li>MILPRAZON CAINE TALIE MARE : 45 RON CP<\/li>\n<li>DRONTAL PUPPY : 25 RON\/ML<\/li>\n<li>DRONTAL FLAVOUR : 15 RON CP<\/li>\n<\/ul>\n<p style=\"text-align: left;\"><strong>ALTE SERVICII<\/strong><\/p>\n<ul>\n<li>CARNET DE S\u0102N\u0102TATE: 25 RON<\/li>\n<li>MICROCIP: 100 RON<\/li>\n<li>PA\u0218APORT: 100 RON<\/li>\n<li>\u00ceNREGISTRARE\/MODIFICARE R.E.C.S : 50 RON<\/li>\n<li>EMITERE RETETA : 15 RON<\/li>\n<li>EMITERE RETETA CU TIMBRU SEC : 45 RON<\/li>\n<li>SONDAJ MOTAN FARA ANESTEZIE : 150 RON<\/li>\n<li>SONDAJ MOTAN CU ANESTEZIE : 250 RON<\/li>\n<li>SONDAJ URETRAL CAINE : 200 RON<\/li>\n<li>CLISMA CAINE :\u00a0 100-200 RON<\/li>\n<li>CLISMA PISICA: 80 RON<\/li>\n<\/ul>\n<p><strong>EUTANASIE<\/strong><\/p>\n<ul>\n<li>1-5 KG : 150 RON<\/li>\n<li>5-10 KG : 200 RON<\/li>\n<li>10-20 KG : 250 RON<\/li>\n<li>20-30 KG : 300 RON<\/li>\n<li>30-40 KG : 350 RON<\/li>\n<li>40+KG : 400 RON<\/li>\n<\/ul>\n<p><strong>INCINERARE\u00a0<\/strong><\/p>\n<ul>\n<li>1-5 KG : 250 RON<\/li>\n<li>5-10 KG : 300 RON<\/li>\n<li>10-20 KG : 350 RON<\/li>\n<li>20-35 KG : 390 RON<\/li>\n<li>+35 KG : 650 RON<\/li>\n<\/ul>\n<p style=\"text-align: left;\"><strong>DEPLASARE LA DOMICILIU<\/strong><\/p>\n<ul>\n<li>SECTOR 1 : 200 RON<\/li>\n<li>SECTOR 2 : 200 RON<\/li>\n<li>SECTOR 3 : 200 RON<\/li>\n<li>SECTOR 4 : 200 RON<\/li>\n<li>SECTOR 5 : 200 RON<\/li>\n<li>SECTOR 6 : 200 RON<\/li>\n<\/ul>\n<p>*LA COSTURILE DEPLASARII SE ADAUGA SI COSTUL TRATAMENTULUI CARE VARIAZA IN FUNCTIE DE AFECTIUNEA SI GREUTATEA PACIENTULUI<\/p>\n<p><strong>TRANCHILIZARE LA DISTANTA\u00a0<\/strong><\/p>\n<ul>\n<li>1-5 KG : 250 RON<\/li>\n<li>5-10 KG : 250 RON<\/li>\n<li>10-30 KG : 250 RON<\/li>\n<li>&gt; 30 KG : 250 RON<\/li>\n<\/ul>\n<p style=\"text-align: left;\"><span style=\"text-decoration: underline;\"><strong>COSMETICA CANINA\/FELINA<\/strong><\/span><\/p>\n<p><strong>TOALETARE<\/strong><\/p>\n<ul>\n<li>TAIAT UNGHII: 30 RON<\/li>\n<li>TOALETAT AURICULAR\u0102 SIMPL\u0102: 30 RON<\/li>\n<li>VIDARE GLANDE PERIANALE: 40 RON<\/li>\n<li>PACHET TOALETARE COMPLET\u0102: 50 RON<\/li>\n<li>TOALET\u0102 AURICULAR\u0102 + TRATAMENT LOCAL: 60 RON<\/li>\n<li>VIDARE GLANDE PERIANALE+TRATAMENT LOCAL:\u00a0 60 RON<\/li>\n<\/ul>\n<p><strong>TUNS IGIENIC C\u00c2INE<\/strong><\/p>\n<ul>\n<li>1-10 KG : 100 RON<\/li>\n<li>10-20 KG : 150 RON<\/li>\n<li>20-30 KG : 200 RON<\/li>\n<li>30-40 KG : 250 RON<\/li>\n<li>40+KG : 300-400 RON<\/li>\n<\/ul>\n<p><strong>TUNS IGIENIC PISICA<\/strong><\/p>\n<ul>\n<li>1-5 KG : 100 RON<\/li>\n<li>+5 KG : 120 RON<\/li>\n<\/ul>\n<p>*Pentru tuns ce necesita anestezie generala, la costurile afisate se va adauga un cost de 100 RON.<\/p>\n<p style=\"text-align: left;\"><span style=\"text-decoration: underline;\"><strong>CHIRURGIE<\/strong><\/span><\/p>\n<p><strong>CASTRARE CAINE\u00a0<\/strong><\/p>\n<p><span style=\"text-decoration: underline;\">FEMELA\u00a0<\/span><\/p>\n<ul>\n<li>1-10 KG : 400 RON<\/li>\n<li>10-20 KG : 450 RON<\/li>\n<li>20-30 KG : 500 RON<\/li>\n<li>30-40 KG : 550 RON<\/li>\n<\/ul>\n<p><span style=\"text-decoration: underline;\">MASCUL<\/span><\/p>\n<ul>\n<li>1-10 KG : 350 RON<\/li>\n<li>10-20 KG : 400 RON<\/li>\n<li>20-30 KG : 450 RON<\/li>\n<li>30-40 KG : 500 RON<\/li>\n<\/ul>\n<p><strong>CASTRARE FELINE\u00a0<\/strong><\/p>\n<ul>\n<li>FEMELA : 350 RON<\/li>\n<li>MASCUL : 300 RON<\/li>\n<\/ul>\n<ul>\n<li>ANESTEZIE LOCAL\u0102: 30-50 RON<\/li>\n<li>ANESTEZIE GENERAL\u0102: 50-200 RON<\/li>\n<li>SUTUR\u0102 PLAG\u0102: 100-150 RON (anestezia se calculeaz\u0103 separat)<\/li>\n<li>SCOS FIRE: 20 RON<\/li>\n<li>PUNC\u021aIE ABDOMINAL\u0102: 100 RON<\/li>\n<li>C\u0102MA\u0218\u0102 ALFORT: 20 RON<\/li>\n<li>CEZARIAN\u0102 PISIC\u0102: 400 RON<\/li>\n<li>CEZARIAN\u0102 C\u0102\u021aEA: 600 RON<\/li>\n<li>PIOMETRU PISIC\u0102: 400 RON<\/li>\n<li>PIOMETRU C\u0102\u021aEA: 600 RON<\/li>\n<li>TARSORAFIE: 200 RON<\/li>\n<li>ENUCLEERE GLOB\u00a0 OCULAR: 300 RON<\/li>\n<li>ENTROPION UNILATERAL : 300 RON<\/li>\n<li>REMEDIERE PROLAPS PLEOAPA A 3-A : 400 RON<\/li>\n<li>ENTROPION BILATERAL : 600 RON<\/li>\n<li>GASTROTOMIE\/ENTEROTOMIE : 600-900 RON<\/li>\n<li>ENTERECTOMIE ( OCLUZIE INTESTINALA\/CORP STRAIN) : 600 RON<\/li>\n<li>CISTOTOMIE : 450 RON<\/li>\n<li>URETROSTOMA MOTAN : 500 RON<\/li>\n<li>EXTRACTIE DENTARA : 50 RON<\/li>\n<li>LAPARATOMIE EXPLORATORIE : 300 RON<\/li>\n<li>OCLUZIE INTESTINALA\/INVAGINATIE : 400 RON<\/li>\n<li>PROLAPS VAGINAL : 500 RON<\/li>\n<li>PEXIE COLON : 500 RON<\/li>\n<li>PROLAPS RECTAL CU SUTURA IN BURSA : 250 RON<\/li>\n<li>HERNIE OIMBILICALA : 350 RON<\/li>\n<li>HERNIE INGHINALA : 300-400 RON<\/li>\n<li>CHIRURGIE ONCOLOGICA : 400-600 RON<\/li>\n<li>EXCIZIE FORMATIUNE TUIMORALA CUTANATA : 250 RON<\/li>\n<li>REZECTIE LANT MAMAR UNILATERAL : 350 RON<\/li>\n<li>REZECTIE LANT MAMAR BILATERAL : 650 RON<\/li>\n<li>OTHEMATOM : 250 RON<\/li>\n<li>CRIPTORHIDIE CAINE IN ABDOMEN : 200 RON<\/li>\n<li>CRIPTORHIDIE CAINE SUBCUTANAT : 100 RON<\/li>\n<li>CRIPTORHIDIE MOTAN IN ABDOMEN : 150 RON<\/li>\n<li>CRIPTIORHIDIE MOTAN SUBCUTANAT : 100 RON<\/li>\n<li>AMPUTARE MEMBRU CAINE : 500 RON<\/li>\n<li>AMPUTARE COADA DE NECESITATE : 300 RON<\/li>\n<li>AMPUTARE PINTENI : 250 RON<\/li>\n<\/ul>\n","protected":false},"excerpt":{"rendered":"<p>VACCINARI C\u00c2INE NOBIVAC PARVO: 80 Ron NOBIVAC DP: 70 Ron NOBIVAC DHP: 70 Ron NOBIVAC DHP-L: 85 Ron NOBIVAC DHPPI: 80 Ron NOBIVAC DHPPI-L: 90 Ron NOBIVAC DHPPI-LR: 120 Ron NOBIVAC RABIES: 50 Ron NOBIVAC KC: 100 Ron VANGUARD PLUS 7 VANGUARD PLUS CPV BIOCAN C BIOCAN M BIOCAN B VACCINARI PISIC\u0102 NOBIVAC TRICAT: 80 [&hellip;]<\/p>\n","protected":false},"author":1,"featured_media":0,"parent":0,"menu_order":0,"comment_status":"closed","ping_status":"closed","template":"","meta":{"footnotes":""},"_links":{"self":[{"href":"https:\/\/hidrovet.ro\/index.php\/wp-json\/wp\/v2\/pages\/99"}],"collection":[{"href":"https:\/\/hidrovet.ro\/index.php\/wp-json\/wp\/v2\/pages"}],"about":[{"href":"https:\/\/hidrovet.ro\/index.php\/wp-json\/wp\/v2\/types\/page"}],"author":[{"embeddable":true,"href":"https:\/\/hidrovet.ro\/index.php\/wp-json\/wp\/v2\/users\/1"}],"replies":[{"embeddable":true,"href":"https:\/\/hidrovet.ro\/index.php\/wp-json\/wp\/v2\/comments?post=99"}],"version-history":[{"count":30,"href":"https:\/\/hidrovet.ro\/index.php\/wp-json\/wp\/v2\/pages\/99\/revisions"}],"predecessor-version":[{"id":687,"href":"https:\/\/hidrovet.ro\/index.php\/wp-json\/wp\/v2\/pages\/99\/revisions\/687"}],"wp:attachment":[{"href":"https:\/\/hidrovet.ro\/index.php\/wp-json\/wp\/v2\/media?parent=99"}],"curies":[{"name":"wp","href":"https:\/\/api.w.org\/{rel}","templated":true}]}}